{"id":1874,"date":"2021-08-11T01:14:24","date_gmt":"2021-08-11T01:14:24","guid":{"rendered":"https:\/\/evolucion.conmebol.com\/?post_type=product&#038;p=1874"},"modified":"2023-03-03T03:31:10","modified_gmt":"2023-03-03T03:31:10","slug":"football-performance-analyst","status":"publish","type":"product","link":"https:\/\/evolucionedu.conmebol.com\/en\/product\/football-performance-analyst\/","title":{"rendered":"Football Performance Analyst"},"content":{"rendered":"<p>contenido<\/p>\n","protected":false},"excerpt":{"rendered":"<p>excerpt<\/p>\n","protected":false},"author":3,"featured_media":0,"comment_status":"closed","ping_status":"closed","template":"","meta":{"_acf_changed":false,"footnotes":""},"categories":[28],"class_list":["post-1874","product","type-product","status-publish","hentry","category-gestion-deportiva-en"],"acf":{"external_id":"1109","cursos_que_lo_componen":[{"nombre_del_curso":"Football Performance Analyst","descripcion_del_curso":"<p>MODULE 1: ANALYSIS DEPARTMENT AND TECHNOLOGIES<br \/>\nUnit 1: EVOLUTION OF THE USE OF TECHNOLOGY IN FOOTBALL<br \/>\nUNIT 2: ANALYSIS DEPARTMENT AND THE ROLE OF THE PERFORMANCE ANALYST<\/p>\n<p>MODULE 2: UNDERSTANDING AND ANALYSIS<br \/>\nOF THE GAME<br \/>\nUNIT 3: UNDERSTANDING THE GAME, TECHNIQUE AND TACTICS<br \/>\nUNIT 4: ANALYZE THE GAME <\/p>\n<p>MODULE 3: TRAINING ANALYSIS AND OWN PARTIES<br \/>\nUNIT 5: MY TEAM - TRAINING, PLANNING AND WORKING METHODS<br \/>\nUNIT 6: MY TEAM - ANALYSIS OF MY TEAM<\/p>\n<p>MODULE 4: ANALYSIS OF THE RIVAL AND DURING THE MATCH<br \/>\nUNIT 7: RIVAL - MATCHES - ANALYSIS OF THE RIVAL, REPORTS<br \/>\nUNIT 8: MATCH ANALYSIS - ANALYSIS DURING THE MATCH<\/p>\n"}],"id_magento":"72","hubspot_product_id":"323803985","header_image":"https:\/\/static.capabiliaserver.com\/frontend\/clients\/conmebol\/wp_prod\/wp-content\/uploads\/2021\/08\/4bd4a390-portada-4.png","precio":"120","precio_en_cuotas":"","precio_de_lista":"","promocion_vigente":"","duracion_del_curso":"1 month","tipo_de_programa":"Course","fecha_de_inicio":"10112022","segunda_fecha_de_inicio":"","zona_horaria":"America\/Los_Angeles","nivel_del_curso":"B\u00e1sico","modalidad":"Online","dedicacion":"","impartido_en":"Ingl\u00e9s","contenido":"<p><span data-sheets-value=\"{&quot;1&quot;:2,&quot;2&quot;:&quot;The inclusion of multidisciplinary work teams in football and the growth in the use of technology in this sport have become a reality.\\nCurrently, practically all professional football teams and\/or coaching staffs have a person in charge of analyzing the performance of their own team and\/or their opponents. In addition, the evolution of technological products and services for the analysis of matches and players, help to enhance the development and performance of a club, coaching staff and players, allowing to optimize time in accessing information about rivals, improve the planning of matches and training, among other benefits. \\nThe objective of this course is to introduce the main characteristics of the work of a performance analyst, the working methods used, to learn about technological products and services, and to share practical and real work experiences with outstanding football coaches.\\nThus, mainly in professional football, this is a profession that adds and enhances the performance of the teams and this course offers the possibility of professionalizing and hierarchizing the figure of the performance analyst.\\n&quot;}\" data-sheets-userformat=\"{&quot;2&quot;:897,&quot;3&quot;:{&quot;1&quot;:0},&quot;10&quot;:0,&quot;11&quot;:4,&quot;12&quot;:0}\">The inclusion of multidisciplinary work teams in football and the growth in the use of technology in this sport have become a reality.<br \/>\nCurrently, practically all professional football teams and\/or coaching staffs have a person in charge of analyzing the performance of their own team and\/or their opponents. In addition, the evolution of technological products and services for the analysis of matches and players, help to enhance the development and performance of a club, coaching staff and players, allowing to optimize time in accessing information about rivals, improve the planning of matches and training, among other benefits.<br \/>\nThe objective of this course is to introduce the main characteristics of the work of a performance analyst, the working methods used, to learn about technological products and services, and to share practical and real work experiences with outstanding football coaches.<br \/>\nThus, mainly in professional football, this is a profession that adds and enhances the performance of the teams and this course offers the possibility of professionalizing and hierarchizing the figure of the performance analyst.<br \/>\n<\/span><\/p>\n","avalado_por":false,"pdf_brochure":"https:\/\/static.capabiliaserver.com\/frontend\/clients\/conmebol\/wp_prod\/wp-content\/uploads\/2021\/08\/2934dcca-football-performance-analyst.pdf","preguntas_frecuentes":false,"docentes_expertos":false,"mostrar_form":false,"mostrar_boton_compra":false,"titulo":"Curso de Analista de Rendimiento en F\u00fatbol","imagen_destacada":"https:\/\/static.capabiliaserver.com\/frontend\/clients\/conmebol\/wp_prod\/wp-content\/uploads\/2021\/08\/d8ff6b37-960x640-4.png","pdf_brochure_link_drive":"https:\/\/drive.google.com\/uc?id=1urtgqOTh3wcfVwyhBnplEE6zd79WK9wu&export=download"},"yoast_head":"<!-- This site is optimized with the Yoast SEO plugin v23.0 - https:\/\/yoast.com\/wordpress\/plugins\/seo\/ -->\n<title>Football Performance Analyst - CONMEBOL<\/title>\n<meta name=\"description\" content=\"En este curso conocer\u00e1s los m\u00e9todos de trabajo de un analista de rendimiento, y compartir\u00e1s experiencias junto a destacados entrenadores de f\u00fatbol.\" \/>\n<meta name=\"robots\" content=\"index, follow, max-snippet:-1, max-image-preview:large, max-video-preview:-1\" \/>\n<link rel=\"canonical\" href=\"https:\/\/evolucionedu.conmebol.com\/en\/product\/football-performance-analyst\/\" \/>\n<meta property=\"og:locale\" content=\"en_US\" \/>\n<meta property=\"og:type\" content=\"article\" \/>\n<meta property=\"og:title\" content=\"Analista de Rendimiento en F\u00fatbol\" \/>\n<meta property=\"og:description\" content=\"En este curso conocer\u00e1s los m\u00e9todos de trabajo de un analista de rendimiento, y compartir\u00e1s experiencias junto a destacados entrenadores de f\u00fatbol.\" \/>\n<meta property=\"og:url\" content=\"https:\/\/evolucionedu.conmebol.com\/en\/product\/football-performance-analyst\/\" \/>\n<meta property=\"og:site_name\" content=\"CONMEBOL\" \/>\n<meta property=\"article:modified_time\" content=\"2023-03-03T03:31:10+00:00\" \/>\n<meta property=\"og:image\" content=\"https:\/\/static.capabiliaserver.com\/frontend\/clients\/conmebol\/wp_prod\/wp-content\/uploads\/2020\/11\/91f5a910-analista-de-rendimiento-en-f\u00fatbol-portada.jpg\" \/>\n<meta name=\"twitter:card\" content=\"summary_large_image\" \/>\n<meta name=\"twitter:title\" content=\"Analista de Rendimiento en F\u00fatbol\" \/>\n<meta name=\"twitter:description\" content=\"En este curso conocer\u00e1s los m\u00e9todos de trabajo de un analista de rendimiento, y compartir\u00e1s experiencias junto a destacados entrenadores de f\u00fatbol.\" \/>\n<meta name=\"twitter:image\" content=\"https:\/\/static.capabiliaserver.com\/frontend\/clients\/conmebol\/wp_prod\/wp-content\/uploads\/2020\/11\/91f5a910-analista-de-rendimiento-en-f\u00fatbol-portada.jpg\" \/>\n<meta name=\"twitter:label1\" content=\"Est. reading time\" \/>\n\t<meta name=\"twitter:data1\" content=\"1 minute\" \/>\n<script type=\"application\/ld+json\" class=\"yoast-schema-graph\">{\"@context\":\"https:\/\/schema.org\",\"@graph\":[{\"@type\":\"WebPage\",\"@id\":\"https:\/\/evolucionedu.conmebol.com\/en\/product\/football-performance-analyst\/\",\"url\":\"https:\/\/evolucionedu.conmebol.com\/en\/product\/football-performance-analyst\/\",\"name\":\"Football Performance Analyst - CONMEBOL\",\"isPartOf\":{\"@id\":\"https:\/\/evolucionedu.conmebol.com\/en\/#website\"},\"datePublished\":\"2021-08-11T01:14:24+00:00\",\"dateModified\":\"2023-03-03T03:31:10+00:00\",\"description\":\"En este curso conocer\u00e1s los m\u00e9todos de trabajo de un analista de rendimiento, y compartir\u00e1s experiencias junto a destacados entrenadores de f\u00fatbol.\",\"breadcrumb\":{\"@id\":\"https:\/\/evolucionedu.conmebol.com\/en\/product\/football-performance-analyst\/#breadcrumb\"},\"inLanguage\":\"en-US\",\"potentialAction\":[{\"@type\":\"ReadAction\",\"target\":[\"https:\/\/evolucionedu.conmebol.com\/en\/product\/football-performance-analyst\/\"]}]},{\"@type\":\"BreadcrumbList\",\"@id\":\"https:\/\/evolucionedu.conmebol.com\/en\/product\/football-performance-analyst\/#breadcrumb\",\"itemListElement\":[{\"@type\":\"ListItem\",\"position\":1,\"name\":\"Home\",\"item\":\"https:\/\/evolucionedu.conmebol.com\/en\/\"},{\"@type\":\"ListItem\",\"position\":2,\"name\":\"Productos\",\"item\":\"https:\/\/evolucionedu.conmebol.com\/en\/product\/\"},{\"@type\":\"ListItem\",\"position\":3,\"name\":\"Football Performance Analyst\"}]},{\"@type\":\"WebSite\",\"@id\":\"https:\/\/evolucionedu.conmebol.com\/en\/#website\",\"url\":\"https:\/\/evolucionedu.conmebol.com\/en\/\",\"name\":\"CONMEBOL\",\"description\":\"\",\"potentialAction\":[{\"@type\":\"SearchAction\",\"target\":{\"@type\":\"EntryPoint\",\"urlTemplate\":\"https:\/\/evolucionedu.conmebol.com\/en\/?s={search_term_string}\"},\"query-input\":\"required name=search_term_string\"}],\"inLanguage\":\"en-US\"}]}<\/script>\n<!-- \/ Yoast SEO plugin. -->","yoast_head_json":{"title":"Football Performance Analyst - CONMEBOL","description":"En este curso conocer\u00e1s los m\u00e9todos de trabajo de un analista de rendimiento, y compartir\u00e1s experiencias junto a destacados entrenadores de f\u00fatbol.","robots":{"index":"index","follow":"follow","max-snippet":"max-snippet:-1","max-image-preview":"max-image-preview:large","max-video-preview":"max-video-preview:-1"},"canonical":"https:\/\/evolucionedu.conmebol.com\/en\/product\/football-performance-analyst\/","og_locale":"en_US","og_type":"article","og_title":"Analista de Rendimiento en F\u00fatbol","og_description":"En este curso conocer\u00e1s los m\u00e9todos de trabajo de un analista de rendimiento, y compartir\u00e1s experiencias junto a destacados entrenadores de f\u00fatbol.","og_url":"https:\/\/evolucionedu.conmebol.com\/en\/product\/football-performance-analyst\/","og_site_name":"CONMEBOL","article_modified_time":"2023-03-03T03:31:10+00:00","og_image":[{"url":"https:\/\/static.capabiliaserver.com\/frontend\/clients\/conmebol\/wp_prod\/wp-content\/uploads\/2020\/11\/91f5a910-analista-de-rendimiento-en-f\u00fatbol-portada.jpg"}],"twitter_card":"summary_large_image","twitter_title":"Analista de Rendimiento en F\u00fatbol","twitter_description":"En este curso conocer\u00e1s los m\u00e9todos de trabajo de un analista de rendimiento, y compartir\u00e1s experiencias junto a destacados entrenadores de f\u00fatbol.","twitter_image":"https:\/\/static.capabiliaserver.com\/frontend\/clients\/conmebol\/wp_prod\/wp-content\/uploads\/2020\/11\/91f5a910-analista-de-rendimiento-en-f\u00fatbol-portada.jpg","twitter_misc":{"Est. reading time":"1 minute"},"schema":{"@context":"https:\/\/schema.org","@graph":[{"@type":"WebPage","@id":"https:\/\/evolucionedu.conmebol.com\/en\/product\/football-performance-analyst\/","url":"https:\/\/evolucionedu.conmebol.com\/en\/product\/football-performance-analyst\/","name":"Football Performance Analyst - CONMEBOL","isPartOf":{"@id":"https:\/\/evolucionedu.conmebol.com\/en\/#website"},"datePublished":"2021-08-11T01:14:24+00:00","dateModified":"2023-03-03T03:31:10+00:00","description":"En este curso conocer\u00e1s los m\u00e9todos de trabajo de un analista de rendimiento, y compartir\u00e1s experiencias junto a destacados entrenadores de f\u00fatbol.","breadcrumb":{"@id":"https:\/\/evolucionedu.conmebol.com\/en\/product\/football-performance-analyst\/#breadcrumb"},"inLanguage":"en-US","potentialAction":[{"@type":"ReadAction","target":["https:\/\/evolucionedu.conmebol.com\/en\/product\/football-performance-analyst\/"]}]},{"@type":"BreadcrumbList","@id":"https:\/\/evolucionedu.conmebol.com\/en\/product\/football-performance-analyst\/#breadcrumb","itemListElement":[{"@type":"ListItem","position":1,"name":"Home","item":"https:\/\/evolucionedu.conmebol.com\/en\/"},{"@type":"ListItem","position":2,"name":"Productos","item":"https:\/\/evolucionedu.conmebol.com\/en\/product\/"},{"@type":"ListItem","position":3,"name":"Football Performance Analyst"}]},{"@type":"WebSite","@id":"https:\/\/evolucionedu.conmebol.com\/en\/#website","url":"https:\/\/evolucionedu.conmebol.com\/en\/","name":"CONMEBOL","description":"","potentialAction":[{"@type":"SearchAction","target":{"@type":"EntryPoint","urlTemplate":"https:\/\/evolucionedu.conmebol.com\/en\/?s={search_term_string}"},"query-input":"required name=search_term_string"}],"inLanguage":"en-US"}]}},"idiomas":{"en":1874,"es":1873,"ar":1874,"pt-br":1875},"_links":{"self":[{"href":"https:\/\/evolucionedu.conmebol.com\/en\/wp-json\/wp\/v2\/products\/1874"}],"collection":[{"href":"https:\/\/evolucionedu.conmebol.com\/en\/wp-json\/wp\/v2\/products"}],"about":[{"href":"https:\/\/evolucionedu.conmebol.com\/en\/wp-json\/wp\/v2\/types\/product"}],"author":[{"embeddable":true,"href":"https:\/\/evolucionedu.conmebol.com\/en\/wp-json\/wp\/v2\/users\/3"}],"replies":[{"embeddable":true,"href":"https:\/\/evolucionedu.conmebol.com\/en\/wp-json\/wp\/v2\/comments?post=1874"}],"version-history":[{"count":5,"href":"https:\/\/evolucionedu.conmebol.com\/en\/wp-json\/wp\/v2\/products\/1874\/revisions"}],"predecessor-version":[{"id":5672,"href":"https:\/\/evolucionedu.conmebol.com\/en\/wp-json\/wp\/v2\/products\/1874\/revisions\/5672"}],"wp:attachment":[{"href":"https:\/\/evolucionedu.conmebol.com\/en\/wp-json\/wp\/v2\/media?parent=1874"}],"wp:term":[{"taxonomy":"category","embeddable":true,"href":"https:\/\/evolucionedu.conmebol.com\/en\/wp-json\/wp\/v2\/categories?post=1874"}],"curies":[{"name":"wp","href":"https:\/\/api.w.org\/{rel}","templated":true}]}}