{"id":1875,"date":"2021-08-11T01:14:24","date_gmt":"2021-08-11T01:14:24","guid":{"rendered":"https:\/\/evolucion.conmebol.com\/?post_type=product&#038;p=1875"},"modified":"2025-01-30T14:38:30","modified_gmt":"2025-01-30T14:38:30","slug":"analista-de-rendimento-em-futebol","status":"publish","type":"product","link":"https:\/\/evolucionedu.conmebol.com\/pt-br\/product\/analista-de-rendimento-em-futebol\/","title":{"rendered":"Analista de Rendimento em Futebol"},"content":{"rendered":"<p>contenido<\/p>\n","protected":false},"excerpt":{"rendered":"<p>excerpt<\/p>\n","protected":false},"author":7,"featured_media":0,"comment_status":"closed","ping_status":"closed","template":"","meta":{"_acf_changed":false,"footnotes":""},"categories":[26],"class_list":["post-1875","product","type-product","status-publish","hentry","category-gestion-deportiva-pt-br"],"acf":{"id_magento":"72","hubspot_product_id":"323803985","external_id":"2389","header_image":"https:\/\/static.capabiliaserver.com\/frontend\/clients\/conmebol\/wp_prod\/wp-content\/uploads\/2021\/08\/2532a3e2-portada.png","precio":"120","precio_en_cuotas":"","precio_de_lista":"","promocion_vigente":"","duracion_del_curso":"1 m\u00eas","tipo_de_programa":"Curso","fecha_de_inicio":"10092021","segunda_fecha_de_inicio":"25092023","zona_horaria":"America\/Los_Angeles","nivel_del_curso":"B\u00e1sico","modalidad":"Online","dedicacion":"","impartido_en":"Castellano","contenido":"<p><span data-sheets-value=\"{&quot;1&quot;:2,&quot;2&quot;:&quot;A inclus\u00e3o e equipes de trabalho multidisciplinares no futebol e o crescimento do uso de tecnologias no esporte j\u00e1 se tornaram uma realidade. \\r\\nAtualmente praticamente todas as equipes profissionais de futebol j\u00e1 contam em suas comiss\u00f5es t\u00e9cnicas com uma pessoa encarregada de realizar a analise de rendimento da sua pr\u00f3pria equipe e do advers\u00e1rio. Complementarmente, a evolu\u00e7\u00e3o de produtos e servi\u00e7os tecnol\u00f3gicos para analise dos jogos e dos futebolistas ajudam a potencializar o desenvolvimento e rendimento do clube, comiss\u00e3o t\u00e9cnica e jogadores, permitindo otimizar o tempo de acesso \u00e0s informa\u00e7\u00f5es sobre os rivais, melhorar o planejamento dos treinamentos e jogos, entro outros benef\u00edcios. . \\r\\n\\r\\nEste curso tem como objetivo fazer uma introdu\u00e7\u00e3o ao conhecimento das principais caracter\u00edsticas de trabalho de uma analista de rendimento, m\u00e9todos utilizados, conhecimento de produtos e servi\u00e7os tecnol\u00f3gicos, compartilhar experiencias praticas e reais de trabalhos realizados junto a treinadores de destaque do futebol sul-americano. \\r\\n\\r\\nPrincipalmente no futebol de alto n\u00edvel, esta profiss\u00e3o potencializa o rendimento das equipes e este curso oferece a possibilidade de profissionalizar e das destaque a figura do analista de rendimento. \\r\\n&quot;}\" data-sheets-userformat=\"{&quot;2&quot;:11137,&quot;3&quot;:{&quot;1&quot;:0},&quot;10&quot;:0,&quot;11&quot;:4,&quot;12&quot;:0,&quot;14&quot;:{&quot;1&quot;:3,&quot;3&quot;:1},&quot;16&quot;:11}\">A inclus\u00e3o e equipes de trabalho multidisciplinares no futebol e o crescimento do uso de tecnologias no esporte j\u00e1 se tornaram uma realidade. Atualmente praticamente todas as equipes profissionais de futebol j\u00e1 contam em suas comiss\u00f5es t\u00e9cnicas com uma pessoa encarregada de realizar a analise de rendimento da sua pr\u00f3pria equipe e do advers\u00e1rio. Complementarmente, a evolu\u00e7\u00e3o de produtos e servi\u00e7os tecnol\u00f3gicos para analise dos jogos e dos futebolistas ajudam a potencializar o desenvolvimento e rendimento do clube, comiss\u00e3o t\u00e9cnica e jogadores, permitindo otimizar o tempo de acesso \u00e0s informa\u00e7\u00f5es sobre os rivais, melhorar o planejamento dos treinamentos e jogos, entro outros benef\u00edcios. .<\/span><\/p>\n<p>Este curso tem como objetivo fazer uma introdu\u00e7\u00e3o ao conhecimento das principais caracter\u00edsticas de trabalho de uma analista de rendimento, m\u00e9todos utilizados, conhecimento de produtos e servi\u00e7os tecnol\u00f3gicos, compartilhar experiencias praticas e reais de trabalhos realizados junto a treinadores de destaque do futebol sul-americano.<\/p>\n<p>Principalmente no futebol de alto n\u00edvel, esta profiss\u00e3o potencializa o rendimento das equipes e este curso oferece a possibilidade de profissionalizar e das destaque a figura do analista de rendimento.<\/p>\n<p>&nbsp;<\/p>\n<p>&nbsp;<\/p>\n<p><strong>Professor experto<\/strong><\/p>\n<p><span data-sheets-value=\"{&quot;1&quot;:2,&quot;2&quot;:&quot;Ricardo Pombo&quot;}\" data-sheets-userformat=\"{&quot;2&quot;:10881,&quot;3&quot;:{&quot;1&quot;:0},&quot;10&quot;:0,&quot;12&quot;:0,&quot;14&quot;:{&quot;1&quot;:3,&quot;3&quot;:1},&quot;16&quot;:11}\">Ricardo Pombo<\/span><\/p>\n<p><span data-sheets-value=\"{&quot;1&quot;:2,&quot;2&quot;:&quot;Fundador de AZsportech. Integrante do Grupo de Estudos T\u00e9cnicos da CONMEBOL. Integrante do Grupo de Analistas de Desempenho da FIFA. Analista de desempenho da Sele\u00e7\u00e3o Uruguaia de Futebol.\u00a0&quot;}\" data-sheets-userformat=\"{&quot;2&quot;:10625,&quot;3&quot;:{&quot;1&quot;:0,&quot;3&quot;:1},&quot;10&quot;:0,&quot;11&quot;:4,&quot;14&quot;:{&quot;1&quot;:3,&quot;3&quot;:1},&quot;16&quot;:11}\"> Possui Gradua\u00e7\u00e3o em Educa\u00e7\u00e3o F\u00edsica pela Universidade de Taubat\u00e9 (2000), Especializa\u00e7\u00e3o em Fisiologia do Exerc\u00edcio pela Escola Paulista de Medicina (2002) e tamb\u00e9m pela Universidade Castelo Branco. Possui t\u00edtulos como integrante do corpo t\u00e9cnico em competi\u00e7\u00f5es expressivas nacionais, internacionais al\u00e9m de participa\u00e7\u00e3o em 04 Mundiais FIFA, Campe\u00e3o dos Jogos Pan Americanos e 4\u00ba Colocado nas Olimp\u00edadas Rio 2016. Com experi\u00eancia na \u00e1rea de Fisiologia e Consultoria de diversas modalidades esportivas, com \u00eanfase em Treinamento para o Alto Rendimento, Prepara\u00e7\u00e3o F\u00edsica e An\u00e1lise de Desempenho de Esportes Coletivos.<\/span><\/p>\n","avalado_por":false,"cursos_que_lo_componen":[{"nombre_del_curso":"Analista de Rendimento em Futebol","descripcion_del_curso":"<p>M\u00d3DULO 1:  Departamento de an\u00e1lise e tecnologias<\/p>\n<p>Unidade 1. Evolu\u00e7\u00e3o do uso da tecnologia no futebol<br \/>\nUnidade 2. Departamento de \u00e1nalise e fun\u00e7\u00e3o do analista de rendimento<\/p>\n<p>M\u00d3DULO 2: Compreens\u00e3o e an\u00e1lise do jogo.<br \/>\nUnidade 1. Compreender o jogo tenica e tatica.<br \/>\nUnidade 2. Analise do jogo.<\/p>\n<p>M\u00d3DULO 3. An\u00e1lise de rendimento dos treinamentos e das partidas da propia equipe<\/p>\n<p>Unidade 1. Minha equipe - Treinamento, planejamento e metodos de trabalho<br \/>\nUnidade 2. Minha equipe - Analise das partidas da minha propia equipe<\/p>\n<p>M\u00d3DULO 4. An\u00e1lise do advers\u00e1rio e anallise de jogos ao vivo<\/p>\n<p>Unidade 1. Analise de jogos dos advers\u00e1rios - Relatorios<br \/>\nUnidade 2. Match Analysis - An\u00e1lise de jogos ao vivo<\/p>\n"}],"pdf_brochure":"https:\/\/static.capabiliaserver.com\/frontend\/clients\/conmebol\/wp_prod\/wp-content\/uploads\/2021\/08\/d40c06c7-analista-de-rendimento-em-futebol.pdf","preguntas_frecuentes":false,"docentes_expertos":false,"mostrar_form":false,"mostrar_boton_compra":false,"titulo":"Curso de Analista de Rendimiento en F\u00fatbol","imagen_destacada":"https:\/\/static.capabiliaserver.com\/frontend\/clients\/conmebol\/wp_prod\/wp-content\/uploads\/2021\/08\/55e65661-8bcec5ca-960x640-1.png","pdf_brochure_link_drive":"https:\/\/drive.google.com\/uc?id=1urtgqOTh3wcfVwyhBnplEE6zd79WK9wu&export=download"},"yoast_head":"<!-- This site is optimized with the Yoast SEO plugin v23.0 - https:\/\/yoast.com\/wordpress\/plugins\/seo\/ -->\n<title>Analista de Rendimento em Futebol - CONMEBOL<\/title>\n<meta name=\"description\" content=\"Neste curso, voc\u00ea aprender\u00e1 sobre os m\u00e9todos de trabalho de um analista de rendimento compartilhar\u00e1 experi\u00eancias com os principais treinadores de futebol.\" \/>\n<meta name=\"robots\" content=\"index, follow, max-snippet:-1, max-image-preview:large, max-video-preview:-1\" \/>\n<link rel=\"canonical\" href=\"https:\/\/evolucionedu.conmebol.com\/pt-br\/product\/analista-de-rendimento-em-futebol\/\" \/>\n<meta property=\"og:locale\" content=\"pt_BR\" \/>\n<meta property=\"og:type\" content=\"article\" \/>\n<meta property=\"og:title\" content=\"Analista de rendimento em futebol\" \/>\n<meta property=\"og:description\" content=\"Neste curso, voc\u00ea aprender\u00e1 sobre os m\u00e9todos de trabalho de um analista de rendimento e compartilhar\u00e1 experi\u00eancias com os principais treinadores de futebol.\" \/>\n<meta property=\"og:url\" content=\"https:\/\/evolucionedu.conmebol.com\/pt-br\/product\/analista-de-rendimento-em-futebol\/\" \/>\n<meta property=\"og:site_name\" content=\"CONMEBOL\" \/>\n<meta property=\"article:modified_time\" content=\"2025-01-30T14:38:30+00:00\" \/>\n<meta property=\"og:image\" content=\"https:\/\/static.capabiliaserver.com\/frontend\/clients\/conmebol\/wp_prod\/wp-content\/uploads\/2020\/11\/91f5a910-analista-de-rendimiento-en-f\u00fatbol-portada.jpg\" \/>\n<meta name=\"twitter:card\" content=\"summary_large_image\" \/>\n<meta name=\"twitter:title\" content=\"Analista de rendimento em futebol\" \/>\n<meta name=\"twitter:description\" content=\"Neste curso, voc\u00ea aprender\u00e1 sobre os m\u00e9todos de trabalho de um analista de rendimento e compartilhar\u00e1 experi\u00eancias com os principais treinadores de futebol.\" \/>\n<meta name=\"twitter:image\" content=\"https:\/\/static.capabiliaserver.com\/frontend\/clients\/conmebol\/wp_prod\/wp-content\/uploads\/2020\/11\/91f5a910-analista-de-rendimiento-en-f\u00fatbol-portada.jpg\" \/>\n<meta name=\"twitter:label1\" content=\"Est. reading time\" \/>\n\t<meta name=\"twitter:data1\" content=\"1 minute\" \/>\n<script type=\"application\/ld+json\" class=\"yoast-schema-graph\">{\"@context\":\"https:\/\/schema.org\",\"@graph\":[{\"@type\":\"WebPage\",\"@id\":\"https:\/\/evolucionedu.conmebol.com\/pt-br\/product\/analista-de-rendimento-em-futebol\/\",\"url\":\"https:\/\/evolucionedu.conmebol.com\/pt-br\/product\/analista-de-rendimento-em-futebol\/\",\"name\":\"Analista de Rendimento em Futebol - CONMEBOL\",\"isPartOf\":{\"@id\":\"https:\/\/evolucionedu.conmebol.com\/pt-br\/#website\"},\"datePublished\":\"2021-08-11T01:14:24+00:00\",\"dateModified\":\"2025-01-30T14:38:30+00:00\",\"description\":\"Neste curso, voc\u00ea aprender\u00e1 sobre os m\u00e9todos de trabalho de um analista de rendimento compartilhar\u00e1 experi\u00eancias com os principais treinadores de futebol.\",\"breadcrumb\":{\"@id\":\"https:\/\/evolucionedu.conmebol.com\/pt-br\/product\/analista-de-rendimento-em-futebol\/#breadcrumb\"},\"inLanguage\":\"pt-BR\",\"potentialAction\":[{\"@type\":\"ReadAction\",\"target\":[\"https:\/\/evolucionedu.conmebol.com\/pt-br\/product\/analista-de-rendimento-em-futebol\/\"]}]},{\"@type\":\"BreadcrumbList\",\"@id\":\"https:\/\/evolucionedu.conmebol.com\/pt-br\/product\/analista-de-rendimento-em-futebol\/#breadcrumb\",\"itemListElement\":[{\"@type\":\"ListItem\",\"position\":1,\"name\":\"Home\",\"item\":\"https:\/\/evolucionedu.conmebol.com\/pt-br\/\"},{\"@type\":\"ListItem\",\"position\":2,\"name\":\"Productos\",\"item\":\"https:\/\/evolucionedu.conmebol.com\/pt-br\/product\/\"},{\"@type\":\"ListItem\",\"position\":3,\"name\":\"Analista de Rendimento em Futebol\"}]},{\"@type\":\"WebSite\",\"@id\":\"https:\/\/evolucionedu.conmebol.com\/pt-br\/#website\",\"url\":\"https:\/\/evolucionedu.conmebol.com\/pt-br\/\",\"name\":\"CONMEBOL\",\"description\":\"\",\"potentialAction\":[{\"@type\":\"SearchAction\",\"target\":{\"@type\":\"EntryPoint\",\"urlTemplate\":\"https:\/\/evolucionedu.conmebol.com\/pt-br\/?s={search_term_string}\"},\"query-input\":\"required name=search_term_string\"}],\"inLanguage\":\"pt-BR\"}]}<\/script>\n<!-- \/ Yoast SEO plugin. -->","yoast_head_json":{"title":"Analista de Rendimento em Futebol - CONMEBOL","description":"Neste curso, voc\u00ea aprender\u00e1 sobre os m\u00e9todos de trabalho de um analista de rendimento compartilhar\u00e1 experi\u00eancias com os principais treinadores de futebol.","robots":{"index":"index","follow":"follow","max-snippet":"max-snippet:-1","max-image-preview":"max-image-preview:large","max-video-preview":"max-video-preview:-1"},"canonical":"https:\/\/evolucionedu.conmebol.com\/pt-br\/product\/analista-de-rendimento-em-futebol\/","og_locale":"pt_BR","og_type":"article","og_title":"Analista de rendimento em futebol","og_description":"Neste curso, voc\u00ea aprender\u00e1 sobre os m\u00e9todos de trabalho de um analista de rendimento e compartilhar\u00e1 experi\u00eancias com os principais treinadores de futebol.","og_url":"https:\/\/evolucionedu.conmebol.com\/pt-br\/product\/analista-de-rendimento-em-futebol\/","og_site_name":"CONMEBOL","article_modified_time":"2025-01-30T14:38:30+00:00","og_image":[{"url":"https:\/\/static.capabiliaserver.com\/frontend\/clients\/conmebol\/wp_prod\/wp-content\/uploads\/2020\/11\/91f5a910-analista-de-rendimiento-en-f\u00fatbol-portada.jpg"}],"twitter_card":"summary_large_image","twitter_title":"Analista de rendimento em futebol","twitter_description":"Neste curso, voc\u00ea aprender\u00e1 sobre os m\u00e9todos de trabalho de um analista de rendimento e compartilhar\u00e1 experi\u00eancias com os principais treinadores de futebol.","twitter_image":"https:\/\/static.capabiliaserver.com\/frontend\/clients\/conmebol\/wp_prod\/wp-content\/uploads\/2020\/11\/91f5a910-analista-de-rendimiento-en-f\u00fatbol-portada.jpg","twitter_misc":{"Est. reading time":"1 minute"},"schema":{"@context":"https:\/\/schema.org","@graph":[{"@type":"WebPage","@id":"https:\/\/evolucionedu.conmebol.com\/pt-br\/product\/analista-de-rendimento-em-futebol\/","url":"https:\/\/evolucionedu.conmebol.com\/pt-br\/product\/analista-de-rendimento-em-futebol\/","name":"Analista de Rendimento em Futebol - CONMEBOL","isPartOf":{"@id":"https:\/\/evolucionedu.conmebol.com\/pt-br\/#website"},"datePublished":"2021-08-11T01:14:24+00:00","dateModified":"2025-01-30T14:38:30+00:00","description":"Neste curso, voc\u00ea aprender\u00e1 sobre os m\u00e9todos de trabalho de um analista de rendimento compartilhar\u00e1 experi\u00eancias com os principais treinadores de futebol.","breadcrumb":{"@id":"https:\/\/evolucionedu.conmebol.com\/pt-br\/product\/analista-de-rendimento-em-futebol\/#breadcrumb"},"inLanguage":"pt-BR","potentialAction":[{"@type":"ReadAction","target":["https:\/\/evolucionedu.conmebol.com\/pt-br\/product\/analista-de-rendimento-em-futebol\/"]}]},{"@type":"BreadcrumbList","@id":"https:\/\/evolucionedu.conmebol.com\/pt-br\/product\/analista-de-rendimento-em-futebol\/#breadcrumb","itemListElement":[{"@type":"ListItem","position":1,"name":"Home","item":"https:\/\/evolucionedu.conmebol.com\/pt-br\/"},{"@type":"ListItem","position":2,"name":"Productos","item":"https:\/\/evolucionedu.conmebol.com\/pt-br\/product\/"},{"@type":"ListItem","position":3,"name":"Analista de Rendimento em Futebol"}]},{"@type":"WebSite","@id":"https:\/\/evolucionedu.conmebol.com\/pt-br\/#website","url":"https:\/\/evolucionedu.conmebol.com\/pt-br\/","name":"CONMEBOL","description":"","potentialAction":[{"@type":"SearchAction","target":{"@type":"EntryPoint","urlTemplate":"https:\/\/evolucionedu.conmebol.com\/pt-br\/?s={search_term_string}"},"query-input":"required name=search_term_string"}],"inLanguage":"pt-BR"}]}},"idiomas":{"en":1874,"es":1873,"ar":1875,"pt-br":1875},"_links":{"self":[{"href":"https:\/\/evolucionedu.conmebol.com\/pt-br\/wp-json\/wp\/v2\/products\/1875"}],"collection":[{"href":"https:\/\/evolucionedu.conmebol.com\/pt-br\/wp-json\/wp\/v2\/products"}],"about":[{"href":"https:\/\/evolucionedu.conmebol.com\/pt-br\/wp-json\/wp\/v2\/types\/product"}],"author":[{"embeddable":true,"href":"https:\/\/evolucionedu.conmebol.com\/pt-br\/wp-json\/wp\/v2\/users\/7"}],"replies":[{"embeddable":true,"href":"https:\/\/evolucionedu.conmebol.com\/pt-br\/wp-json\/wp\/v2\/comments?post=1875"}],"version-history":[{"count":5,"href":"https:\/\/evolucionedu.conmebol.com\/pt-br\/wp-json\/wp\/v2\/products\/1875\/revisions"}],"predecessor-version":[{"id":9802,"href":"https:\/\/evolucionedu.conmebol.com\/pt-br\/wp-json\/wp\/v2\/products\/1875\/revisions\/9802"}],"wp:attachment":[{"href":"https:\/\/evolucionedu.conmebol.com\/pt-br\/wp-json\/wp\/v2\/media?parent=1875"}],"wp:term":[{"taxonomy":"category","embeddable":true,"href":"https:\/\/evolucionedu.conmebol.com\/pt-br\/wp-json\/wp\/v2\/categories?post=1875"}],"curies":[{"name":"wp","href":"https:\/\/api.w.org\/{rel}","templated":true}]}}